{"id":715,"date":"2025-01-03T10:49:58","date_gmt":"2025-01-03T09:49:58","guid":{"rendered":"http:\/\/axone-traduction.ch\/?page_id=715"},"modified":"2025-01-08T16:54:20","modified_gmt":"2025-01-08T15:54:20","slug":"uebersetzung","status":"publish","type":"page","link":"https:\/\/axone-traduction.ch\/?page_id=715&lang=de","title":{"rendered":"\u00dcbersetzung"},"content":{"rendered":"\n<figure class=\"wp-block-image size-large is-resized\"><a href=\"https:\/\/axone-traduction.ch\/de\/startseite\/\"><img loading=\"lazy\" decoding=\"async\" width=\"1024\" height=\"71\" src=\"http:\/\/axone-traduction.ch\/wp-content\/uploads\/2020\/10\/cropped-cropped-cropped-Axone3-1-2-1024x71.jpg\" alt=\"\" class=\"wp-image-898\" style=\"width:288px;height:auto\" srcset=\"https:\/\/axone-traduction.ch\/wp-content\/uploads\/2020\/10\/cropped-cropped-cropped-Axone3-1-2-1024x71.jpg 1024w, https:\/\/axone-traduction.ch\/wp-content\/uploads\/2020\/10\/cropped-cropped-cropped-Axone3-1-2-300x21.jpg 300w, https:\/\/axone-traduction.ch\/wp-content\/uploads\/2020\/10\/cropped-cropped-cropped-Axone3-1-2-768x53.jpg 768w, https:\/\/axone-traduction.ch\/wp-content\/uploads\/2020\/10\/cropped-cropped-cropped-Axone3-1-2.jpg 1291w\" sizes=\"auto, (max-width: 1024px) 100vw, 1024px\" \/><\/a><\/figure>\n\n\n\n<div style=\"height:10px\" aria-hidden=\"true\" class=\"wp-block-spacer\"><\/div>\n\n\n\n<p>Axone bietet qualitativ hochstehende \u00dcbersetzungsdienstleistungen in verschiedenen Bereichen an.<\/p>\n\n\n\n<p> <strong>Unsere Arbeitssprachen:<\/strong><\/p>\n\n\n\n<ul class=\"wp-block-list\">\n<li>Franz\u00f6sisch<\/li>\n\n\n\n<li>Deutsch<\/li>\n\n\n\n<li>Englisch<\/li>\n\n\n\n<li>Italienisch<\/li>\n\n\n\n<li>Spanisch<\/li>\n<\/ul>\n\n\n\n<p>Unser Unternehmen hat sich seit seinen Anf\u00e4ngen auf die Bereiche Wirtschaft und Finanzen spezialisiert und geniesst bei zahlreichen Banken und Finanzinstituten einen ausgezeichneten Ruf.<\/p>\n\n\n\n<p>Im Laufe der Jahre haben wir unseren Kompetenzbereich auf die T\u00e4tigkeitsfelder Berufliche Vorsorge, Sozialversicherungen, Energiewirtschaft und neue Technologien ausgeweitet. Alles Bereiche, die einen hohen Pr\u00e4zisionsgrad erfordern und in denen wir das Vertrauen von Kunden, die grossen Wert auf Genauigkeit und Zuverl\u00e4ssigkeit legen, gewonnen haben.<\/p>\n\n\n\n<p>Mit dem gleichen Qualit\u00e4tsbewusstsein arbeiten wir auch mit renommierten Unternehmen in den Bereichen Werbung, Kommunikation sowie mit Nahrungsmittel- und Getr\u00e4nkeherstellern zusammen.<\/p>\n\n\n\n<p>Professionelle und erfahrene \u00dcbersetzerinnen und \u00dcbersetzer sorgen f\u00fcr klare, pr\u00e4zise und sprachlich ausgefeilte \u00dcbersetzungen, die Ihnen helfen, Ihre Kommunikationsziele zu erreichen. Dank den langj\u00e4hrigen Beziehungen zu unseren Kunden verstehen wir deren Anforderungen und k\u00f6nnen diese erf\u00fcllen.<\/p>\n\n\n\n<p><strong>Professionalit\u00e4t<\/strong><strong><\/strong><\/p>\n\n\n\n<p>Unser kleines Team besteht aus hochqualifizierten \u00dcbersetzerinnen und \u00dcbersetzern, die ausschliesslich in ihre Muttersprache arbeiten.<\/p>\n\n\n\n<p><strong>P\u00fcnktlichkeit<\/strong><strong><\/strong><\/p>\n\n\n\n<p>Bei Axone ist P\u00fcnktlichkeit kein leeres Versprechen: Wir halten uns strikt an die vorgegebenen Fristen und reagieren rasch auf Kundenanfragen.<\/p>\n\n\n\n<p><strong>Kundenbetreuung<\/strong><\/p>\n\n\n\n<p>Die Pflege der Kundenbeziehungen wird bei uns grossgeschrieben. Dadurch k\u00f6nnen wir unseren Kunden massgeschneiderte \u00dcbersetzungen liefern. Bei Axone bekommen Sie alle Informationen aus einer Hand: Unsere Kunden k\u00f6nnen uns direkt kontaktieren, und wir widmen ihnen so viel Zeit, wie sie es w\u00fcnschen.<\/p>\n\n\n\n<p><strong>Genauigkeit<\/strong> Genaues Arbeiten hat bei uns Priorit\u00e4t: sprachlich einwandfreie Texte, terminologische Konsistenz, fristgerechte Lieferung und Vertraulichkeit.<\/p>\n","protected":false},"excerpt":{"rendered":"<p>Axone bietet qualitativ hochstehende \u00dcbersetzungsdienstleistungen in verschiedenen Bereichen an. Unsere Arbeitssprachen: Unser Unternehmen hat sich seit seinen Anf\u00e4ngen auf die Bereiche Wirtschaft und Finanzen spezialisiert und geniesst bei zahlreichen Banken und Finanzinstituten einen ausgezeichneten Ruf. Im Laufe der Jahre haben wir unseren Kompetenzbereich auf die T\u00e4tigkeitsfelder Berufliche Vorsorge, Sozialversicherungen, Energiewirtschaft und neue Technologien ausgeweitet. Alles [&hellip;]<\/p>\n","protected":false},"author":1,"featured_media":0,"parent":0,"menu_order":0,"comment_status":"closed","ping_status":"closed","template":"templates\/template-full.php","meta":{"footnotes":""},"class_list":["post-715","page","type-page","status-publish","hentry","post"],"_links":{"self":[{"href":"https:\/\/axone-traduction.ch\/index.php?rest_route=\/wp\/v2\/pages\/715","targetHints":{"allow":["GET"]}}],"collection":[{"href":"https:\/\/axone-traduction.ch\/index.php?rest_route=\/wp\/v2\/pages"}],"about":[{"href":"https:\/\/axone-traduction.ch\/index.php?rest_route=\/wp\/v2\/types\/page"}],"author":[{"embeddable":true,"href":"https:\/\/axone-traduction.ch\/index.php?rest_route=\/wp\/v2\/users\/1"}],"replies":[{"embeddable":true,"href":"https:\/\/axone-traduction.ch\/index.php?rest_route=%2Fwp%2Fv2%2Fcomments&post=715"}],"version-history":[{"count":4,"href":"https:\/\/axone-traduction.ch\/index.php?rest_route=\/wp\/v2\/pages\/715\/revisions"}],"predecessor-version":[{"id":952,"href":"https:\/\/axone-traduction.ch\/index.php?rest_route=\/wp\/v2\/pages\/715\/revisions\/952"}],"wp:attachment":[{"href":"https:\/\/axone-traduction.ch\/index.php?rest_route=%2Fwp%2Fv2%2Fmedia&parent=715"}],"curies":[{"name":"wp","href":"https:\/\/api.w.org\/{rel}","templated":true}]}}