{"id":627,"date":"2024-02-05T18:38:47","date_gmt":"2024-02-05T17:38:47","guid":{"rendered":"https:\/\/axone-traduction.ch\/?page_id=627"},"modified":"2025-01-08T16:59:55","modified_gmt":"2025-01-08T15:59:55","slug":"unsere-dienstleistungen","status":"publish","type":"page","link":"https:\/\/axone-traduction.ch\/?page_id=627&lang=de","title":{"rendered":"Unsere Dienstleistungen"},"content":{"rendered":"\n<figure class=\"wp-block-image size-large is-resized\"><a href=\"https:\/\/axone-traduction.ch\/de\/startseite\/\"><img loading=\"lazy\" decoding=\"async\" width=\"1024\" height=\"71\" src=\"http:\/\/axone-traduction.ch\/wp-content\/uploads\/2020\/10\/cropped-cropped-cropped-Axone3-1-2-1024x71.jpg\" alt=\"\" class=\"wp-image-898\" style=\"width:288px;height:auto\" srcset=\"https:\/\/axone-traduction.ch\/wp-content\/uploads\/2020\/10\/cropped-cropped-cropped-Axone3-1-2-1024x71.jpg 1024w, https:\/\/axone-traduction.ch\/wp-content\/uploads\/2020\/10\/cropped-cropped-cropped-Axone3-1-2-300x21.jpg 300w, https:\/\/axone-traduction.ch\/wp-content\/uploads\/2020\/10\/cropped-cropped-cropped-Axone3-1-2-768x53.jpg 768w, https:\/\/axone-traduction.ch\/wp-content\/uploads\/2020\/10\/cropped-cropped-cropped-Axone3-1-2.jpg 1291w\" sizes=\"auto, (max-width: 1024px) 100vw, 1024px\" \/><\/a><\/figure>\n\n\n\n<div style=\"height:10px\" aria-hidden=\"true\" class=\"wp-block-spacer\"><\/div>\n\n\n\n<h2 class=\"wp-block-heading\">\u00dcbersetzung<\/h2>\n\n\n\n<p>Axone bietet qualitativ hochstehende \u00dcbersetzungsdienstleistungen in verschiedenen Bereichen an.<\/p>\n\n\n\n<p><strong>Unsere Arbeitssprachen<\/strong>:<\/p>\n\n\n\n<ul class=\"wp-block-list\">\n<li>Franz\u00f6sisch<\/li>\n\n\n\n<li>Deutsch<\/li>\n\n\n\n<li>Englisch<\/li>\n\n\n\n<li>Italienisch<\/li>\n\n\n\n<li>Spanisch<\/li>\n<\/ul>\n\n\n\n<p>Unser Unternehmen hat sich seit seinen Anf\u00e4ngen auf die Bereiche Wirtschaft und Finanzen spezialisiert und geniesst bei zahlreichen Banken und Finanzinstituten einen ausgezeichneten Ruf.<\/p>\n\n\n\n<p><a href=\"https:\/\/axone-traduction.ch\/de\/uebersetzung\/\">Mehr erfahren &gt;&gt;<\/a><\/p>\n\n\n\n<h2 class=\"wp-block-heading\"><br>Lektorat\/Korrektorat<\/h2>\n\n\n\n<p>In Ihren Texten, die zur Ver\u00f6ffentlichung oder Verbreitung bestimmt sind, steckt oft wochen- oder gar monatelange Arbeit. Damit nichts dem Zufall \u00fcberlassen bleibt, sorgt unser Lektoratsdienst f\u00fcr den letzten Schliff bei allen Ihren Texten:<\/p>\n\n\n\n<ul class=\"wp-block-list\">\n<li>Webseiten<\/li>\n\n\n\n<li>Firmenzeitungen und -zeitschriften<\/li>\n\n\n\n<li>Brosch\u00fcren, Prospekte, Powerpoint-Pr\u00e4sentationen<\/li>\n\n\n\n<li>Jahresberichte<\/li>\n\n\n\n<li>Merkbl\u00e4tter, Richtlinien, Weisungen, Gebrauchsanleitungen, Reglemente<\/li>\n\n\n\n<li>Studien, Stellungnahmen, wissenschaftliche Artikel<\/li>\n\n\n\n<li>Lehr- und Schulungsmaterial<\/li>\n\n\n\n<li>Werbekampagnen, Marketingtexte<\/li>\n\n\n\n<li>Korrespondenz, Vortr\u00e4ge<\/li>\n\n\n\n<li>Vertr\u00e4ge<\/li>\n<\/ul>\n\n\n\n<p><a href=\"https:\/\/axone-traduction.ch\/de\/lektorat-korrektorat\/\">Mehr erfahren &gt;&gt;<\/a><\/p>\n\n\n\n<p><\/p>\n","protected":false},"excerpt":{"rendered":"<p>\u00dcbersetzung Axone bietet qualitativ hochstehende \u00dcbersetzungsdienstleistungen in verschiedenen Bereichen an. Unsere Arbeitssprachen: Unser Unternehmen hat sich seit seinen Anf\u00e4ngen auf die Bereiche Wirtschaft und Finanzen spezialisiert und geniesst bei zahlreichen Banken und Finanzinstituten einen ausgezeichneten Ruf. Mehr erfahren &gt;&gt; Lektorat\/Korrektorat In Ihren Texten, die zur Ver\u00f6ffentlichung oder Verbreitung bestimmt sind, steckt oft wochen- oder gar [&hellip;]<\/p>\n","protected":false},"author":1,"featured_media":0,"parent":0,"menu_order":0,"comment_status":"closed","ping_status":"closed","template":"","meta":{"footnotes":""},"class_list":["post-627","page","type-page","status-publish","hentry","post"],"_links":{"self":[{"href":"https:\/\/axone-traduction.ch\/index.php?rest_route=\/wp\/v2\/pages\/627","targetHints":{"allow":["GET"]}}],"collection":[{"href":"https:\/\/axone-traduction.ch\/index.php?rest_route=\/wp\/v2\/pages"}],"about":[{"href":"https:\/\/axone-traduction.ch\/index.php?rest_route=\/wp\/v2\/types\/page"}],"author":[{"embeddable":true,"href":"https:\/\/axone-traduction.ch\/index.php?rest_route=\/wp\/v2\/users\/1"}],"replies":[{"embeddable":true,"href":"https:\/\/axone-traduction.ch\/index.php?rest_route=%2Fwp%2Fv2%2Fcomments&post=627"}],"version-history":[{"count":5,"href":"https:\/\/axone-traduction.ch\/index.php?rest_route=\/wp\/v2\/pages\/627\/revisions"}],"predecessor-version":[{"id":1115,"href":"https:\/\/axone-traduction.ch\/index.php?rest_route=\/wp\/v2\/pages\/627\/revisions\/1115"}],"wp:attachment":[{"href":"https:\/\/axone-traduction.ch\/index.php?rest_route=%2Fwp%2Fv2%2Fmedia&parent=627"}],"curies":[{"name":"wp","href":"https:\/\/api.w.org\/{rel}","templated":true}]}}