{"id":62,"date":"2020-02-29T15:10:04","date_gmt":"2020-02-29T14:10:04","guid":{"rendered":"http:\/\/axone-traduction.ch\/?page_id=62"},"modified":"2025-01-10T15:35:07","modified_gmt":"2025-01-10T14:35:07","slug":"contact","status":"publish","type":"page","link":"https:\/\/axone-traduction.ch\/?page_id=62","title":{"rendered":"Contact"},"content":{"rendered":"\n<figure class=\"wp-block-image size-large is-resized\"><a href=\"https:\/\/axone-traduction.ch\/\"><img loading=\"lazy\" decoding=\"async\" width=\"1024\" height=\"71\" src=\"http:\/\/axone-traduction.ch\/wp-content\/uploads\/2020\/10\/cropped-cropped-cropped-Axone3-1-2-1024x71.jpg\" alt=\"\" class=\"wp-image-898\" style=\"width:288px;height:auto\" srcset=\"https:\/\/axone-traduction.ch\/wp-content\/uploads\/2020\/10\/cropped-cropped-cropped-Axone3-1-2-1024x71.jpg 1024w, https:\/\/axone-traduction.ch\/wp-content\/uploads\/2020\/10\/cropped-cropped-cropped-Axone3-1-2-300x21.jpg 300w, https:\/\/axone-traduction.ch\/wp-content\/uploads\/2020\/10\/cropped-cropped-cropped-Axone3-1-2-768x53.jpg 768w, https:\/\/axone-traduction.ch\/wp-content\/uploads\/2020\/10\/cropped-cropped-cropped-Axone3-1-2.jpg 1291w\" sizes=\"auto, (max-width: 1024px) 100vw, 1024px\" \/><\/a><\/figure>\n\n\n\n<div style=\"height:10px\" aria-hidden=\"true\" class=\"wp-block-spacer\"><\/div>\n\n\n\n<div class=\"wp-block-columns is-layout-flex wp-container-core-columns-is-layout-1 wp-block-columns-is-layout-flex\">\n<div class=\"wp-block-column is-layout-flow wp-block-column-is-layout-flow\">\n<h2 class=\"wp-block-heading\"><strong>Adresse<\/strong><\/h2>\n\n\n\n<p> AXONE S.A.<br>2 cours de Rive<br>1204 Gen\u00e8ve <\/p>\n\n\n\n<h2 class=\"wp-block-heading\"><strong>T\u00e9l\u00e9phone<\/strong><\/h2>\n\n\n\n<p> (+41) 022 312 56 00 <\/p>\n\n\n\n<p><\/p>\n\n\n\n<h2 class=\"wp-block-heading\"><strong>E-mail<\/strong><\/h2>\n\n\n\n<p>tradinfo@axone.ch<\/p>\n\n\n\n<p><\/p>\n\n\n\n<h2 class=\"wp-block-heading\"><\/h2>\n\n\n\n<p><\/p>\n<\/div>\n\n\n\n<div class=\"wp-block-column is-layout-flow wp-block-column-is-layout-flow\">\n<iframe loading=\"lazy\" src=\"https:\/\/www.google.com\/maps\/embed?pb=!1m14!1m8!1m3!1d11045.77576856862!2d6.1522961!3d46.201623!3m2!1i1024!2i768!4f13.1!3m3!1m2!1s0x0%3A0x3ad5dc5e640a6409!2sAxone%20Services%20%26%20D%C3%A9veloppement%20SA!5e0!3m2!1sfr!2sfr!4v1582992714035!5m2!1sfr!2sfr\" style=\"border:0;\" allowfullscreen=\"\" width=\"600\" height=\"450\" frameborder=\"0\"><\/iframe>\n<\/div>\n<\/div>\n","protected":false},"excerpt":{"rendered":"<p>Adresse AXONE S.A.2 cours de Rive1204 Gen\u00e8ve T\u00e9l\u00e9phone (+41) 022 312 56 00 E-mail tradinfo@axone.ch<\/p>\n","protected":false},"author":1,"featured_media":0,"parent":0,"menu_order":0,"comment_status":"closed","ping_status":"closed","template":"","meta":{"footnotes":""},"class_list":["post-62","page","type-page","status-publish","hentry","post"],"_links":{"self":[{"href":"https:\/\/axone-traduction.ch\/index.php?rest_route=\/wp\/v2\/pages\/62","targetHints":{"allow":["GET"]}}],"collection":[{"href":"https:\/\/axone-traduction.ch\/index.php?rest_route=\/wp\/v2\/pages"}],"about":[{"href":"https:\/\/axone-traduction.ch\/index.php?rest_route=\/wp\/v2\/types\/page"}],"author":[{"embeddable":true,"href":"https:\/\/axone-traduction.ch\/index.php?rest_route=\/wp\/v2\/users\/1"}],"replies":[{"embeddable":true,"href":"https:\/\/axone-traduction.ch\/index.php?rest_route=%2Fwp%2Fv2%2Fcomments&post=62"}],"version-history":[{"count":5,"href":"https:\/\/axone-traduction.ch\/index.php?rest_route=\/wp\/v2\/pages\/62\/revisions"}],"predecessor-version":[{"id":1163,"href":"https:\/\/axone-traduction.ch\/index.php?rest_route=\/wp\/v2\/pages\/62\/revisions\/1163"}],"wp:attachment":[{"href":"https:\/\/axone-traduction.ch\/index.php?rest_route=%2Fwp%2Fv2%2Fmedia&parent=62"}],"curies":[{"name":"wp","href":"https:\/\/api.w.org\/{rel}","templated":true}]}}