{"id":617,"date":"2024-02-05T18:11:45","date_gmt":"2024-02-05T17:11:45","guid":{"rendered":"https:\/\/axone-traduction.ch\/?page_id=617"},"modified":"2025-01-10T15:00:30","modified_gmt":"2025-01-10T14:00:30","slug":"unsere-preise","status":"publish","type":"page","link":"https:\/\/axone-traduction.ch\/?page_id=617&lang=de","title":{"rendered":"Unsere Preise"},"content":{"rendered":"\n<figure class=\"wp-block-image size-large is-resized\"><a href=\"https:\/\/axone-traduction.ch\/de\/startseite\/\"><img loading=\"lazy\" decoding=\"async\" width=\"1024\" height=\"71\" src=\"http:\/\/axone-traduction.ch\/wp-content\/uploads\/2020\/10\/cropped-cropped-cropped-Axone3-1-2-1024x71.jpg\" alt=\"\" class=\"wp-image-898\" style=\"width:288px;height:auto\" srcset=\"https:\/\/axone-traduction.ch\/wp-content\/uploads\/2020\/10\/cropped-cropped-cropped-Axone3-1-2-1024x71.jpg 1024w, https:\/\/axone-traduction.ch\/wp-content\/uploads\/2020\/10\/cropped-cropped-cropped-Axone3-1-2-300x21.jpg 300w, https:\/\/axone-traduction.ch\/wp-content\/uploads\/2020\/10\/cropped-cropped-cropped-Axone3-1-2-768x53.jpg 768w, https:\/\/axone-traduction.ch\/wp-content\/uploads\/2020\/10\/cropped-cropped-cropped-Axone3-1-2.jpg 1291w\" sizes=\"auto, (max-width: 1024px) 100vw, 1024px\" \/><\/a><\/figure>\n\n\n\n<div style=\"height:10px\" aria-hidden=\"true\" class=\"wp-block-spacer\"><\/div>\n\n\n\n<div style=\"height:10px\" aria-hidden=\"true\" class=\"wp-block-spacer\"><\/div>\n\n\n\n<p>Die Preisgestaltung h\u00e4ngt vom Schwierigkeitsgrad und Umfang der zu \u00fcbersetzenden oder zu lektorierenden Texte ab.<br>Bitte kontaktieren Sie uns f\u00fcr weiterf\u00fchrende Informationen oder um eine Offerte anzufordern.<\/p>\n\n\n\n<h2 class=\"wp-block-heading\"><br><strong>E-Mail : <\/strong><\/h2>\n\n\n\n<p>tradinfo@axone.ch<\/p>\n\n\n\n<h2 class=\"wp-block-heading\"><strong>Telefon : <\/strong><\/h2>\n\n\n\n<p>022 312 56 00<\/p>\n\n\n\n<h2 class=\"wp-block-heading\"><strong>\u00dcbersetzungsverantwortliche : <\/strong><\/h2>\n\n\n\n<p>Flore Bourgeois<\/p>\n","protected":false},"excerpt":{"rendered":"<p>Die Preisgestaltung h\u00e4ngt vom Schwierigkeitsgrad und Umfang der zu \u00fcbersetzenden oder zu lektorierenden Texte ab.Bitte kontaktieren Sie uns f\u00fcr weiterf\u00fchrende Informationen oder um eine Offerte anzufordern. E-Mail : tradinfo@axone.ch Telefon : 022 312 56 00 \u00dcbersetzungsverantwortliche : Flore Bourgeois<\/p>\n","protected":false},"author":1,"featured_media":0,"parent":0,"menu_order":0,"comment_status":"closed","ping_status":"closed","template":"templates\/template-full.php","meta":{"footnotes":""},"class_list":["post-617","page","type-page","status-publish","hentry","post"],"_links":{"self":[{"href":"https:\/\/axone-traduction.ch\/index.php?rest_route=\/wp\/v2\/pages\/617","targetHints":{"allow":["GET"]}}],"collection":[{"href":"https:\/\/axone-traduction.ch\/index.php?rest_route=\/wp\/v2\/pages"}],"about":[{"href":"https:\/\/axone-traduction.ch\/index.php?rest_route=\/wp\/v2\/types\/page"}],"author":[{"embeddable":true,"href":"https:\/\/axone-traduction.ch\/index.php?rest_route=\/wp\/v2\/users\/1"}],"replies":[{"embeddable":true,"href":"https:\/\/axone-traduction.ch\/index.php?rest_route=%2Fwp%2Fv2%2Fcomments&post=617"}],"version-history":[{"count":5,"href":"https:\/\/axone-traduction.ch\/index.php?rest_route=\/wp\/v2\/pages\/617\/revisions"}],"predecessor-version":[{"id":1153,"href":"https:\/\/axone-traduction.ch\/index.php?rest_route=\/wp\/v2\/pages\/617\/revisions\/1153"}],"wp:attachment":[{"href":"https:\/\/axone-traduction.ch\/index.php?rest_route=%2Fwp%2Fv2%2Fmedia&parent=617"}],"curies":[{"name":"wp","href":"https:\/\/api.w.org\/{rel}","templated":true}]}}